{"id":806,"date":"2025-05-29T18:13:16","date_gmt":"2025-05-30T00:13:16","guid":{"rendered":"https:\/\/sikore.app\/ayuda\/?page_id=806"},"modified":"2025-07-29T17:26:44","modified_gmt":"2025-07-29T23:26:44","slug":"tutoriales","status":"publish","type":"page","link":"https:\/\/sikore.app\/ayuda\/tutoriales\/","title":{"rendered":"Video Tutoriales"},"content":{"rendered":"\n<div class=\"wp-block-columns are-vertically-aligned-top is-layout-flex wp-container-core-columns-is-layout-cbe4e6b0 wp-block-columns-is-layout-flex\" style=\"margin-top:0;margin-bottom:0;padding-top:var(--wp--preset--spacing--20);padding-bottom:var(--wp--preset--spacing--20)\">\n<div class=\"wp-block-column is-vertically-aligned-top is-layout-flow wp-block-column-is-layout-flow\">\n<h5 class=\"wp-block-heading has-text-align-center has-custom-sikore-yellow-color has-text-color has-link-color has-large-font-size wp-elements-d18d34397197bcd1158f3d1898345b43\">Crear un Cat\u00e1logo de Clientes<\/h5>\n\n\n\n<figure class=\"wp-block-video\"><video controls poster=\"https:\/\/sikore.app\/ayuda\/wp-content\/uploads\/2025\/05\/Crear-Catalogo-de-Clientes.png\" src=\"https:\/\/sikore.app\/ayuda\/wp-content\/uploads\/2025\/05\/CRM-Catalogo-de-Clientes-Low.mp4\"><\/video><\/figure>\n<\/div>\n\n\n\n<div class=\"wp-block-column is-vertically-aligned-top is-layout-flow wp-block-column-is-layout-flow\">\n<h5 class=\"wp-block-heading has-text-align-center has-custom-sikore-yellow-color has-text-color has-link-color has-large-font-size wp-elements-90bfbf0087f1da71d2e9c097dd23bca5\">Crear un Dashboard de Ventas<\/h5>\n\n\n\n<figure class=\"wp-block-embed is-type-video is-provider-youtube wp-block-embed-youtube wp-embed-aspect-16-9 wp-has-aspect-ratio\"><div class=\"wp-block-embed__wrapper\">\n<iframe title=\"Crear un Dashboard con SIKore\" width=\"500\" height=\"281\" src=\"https:\/\/www.youtube.com\/embed\/OEJjaz22abU?feature=oembed\" frameborder=\"0\" allow=\"accelerometer; autoplay; clipboard-write; encrypted-media; gyroscope; picture-in-picture; web-share\" referrerpolicy=\"strict-origin-when-cross-origin\" allowfullscreen><\/iframe>\n<\/div><\/figure>\n<\/div>\n<\/div>\n\n\n\n<div class=\"wp-block-columns is-layout-flex wp-container-core-columns-is-layout-28f84493 wp-block-columns-is-layout-flex\">\n<div class=\"wp-block-column is-layout-flow wp-block-column-is-layout-flow\">\n<h5 class=\"wp-block-heading has-text-align-center has-custom-sikore-yellow-color has-text-color has-link-color has-large-font-size wp-elements-67336216c8bb477ec98c0e16c7a269e8\">Agregar un campo a una pantalla de captura<\/h5>\n\n\n\n<figure class=\"wp-block-video\"><video controls poster=\"https:\/\/sikore.app\/ayuda\/wp-content\/uploads\/2025\/05\/Agregar-Campo.png\" src=\"https:\/\/sikore.app\/ayuda\/wp-content\/uploads\/2025\/05\/Agregar-un-campo-Low.mp4\"><\/video><\/figure>\n\n\n\n<h5 class=\"wp-block-heading has-text-align-center has-custom-sikore-yellow-color has-text-color has-link-color has-large-font-size wp-elements-b78f15b466aff509b299b03842a3fdb3\">Crear un formulario autom\u00e1ticamente<\/h5>\n\n\n\n<figure class=\"wp-block-embed is-type-video is-provider-youtube wp-block-embed-youtube wp-embed-aspect-16-9 wp-has-aspect-ratio\"><div class=\"wp-block-embed__wrapper\">\n<iframe title=\"Crear un Formulario con SIKore\" width=\"500\" height=\"281\" src=\"https:\/\/www.youtube.com\/embed\/hbGWdgvw0W0?feature=oembed\" frameborder=\"0\" allow=\"accelerometer; autoplay; clipboard-write; encrypted-media; gyroscope; picture-in-picture; web-share\" referrerpolicy=\"strict-origin-when-cross-origin\" allowfullscreen><\/iframe>\n<\/div><\/figure>\n<\/div>\n\n\n\n<div class=\"wp-block-column is-layout-flow wp-block-column-is-layout-flow\">\n<h5 class=\"wp-block-heading has-text-align-center has-custom-sikore-yellow-color has-text-color has-link-color has-large-font-size wp-elements-ae0c6a2ee2d65c94ec0e2d5319b08a52\">Editar una etiqueta en mi aplicaci\u00f3n<\/h5>\n\n\n\n<figure class=\"wp-block-video\"><video controls poster=\"https:\/\/sikore.app\/ayuda\/wp-content\/uploads\/2025\/05\/Editar-Etiqueta.png\" src=\"https:\/\/sikore.app\/ayuda\/wp-content\/uploads\/2025\/05\/Editar-Etiqueta-Low.mp4\"><\/video><\/figure>\n<\/div>\n<\/div>\n\n\n\n<div style=\"height:60px\" aria-hidden=\"true\" class=\"wp-block-spacer\"><\/div>\n\n\n\n<p><\/p>\n","protected":false},"excerpt":{"rendered":"<p>Crear un Cat\u00e1logo de Clientes Crear un Dashboard de Ventas Agregar un campo a una pantalla de captura Crear un formulario autom\u00e1ticamente Editar una etiqueta en mi aplicaci\u00f3n<\/p>\n","protected":false},"author":1,"featured_media":0,"parent":0,"menu_order":0,"comment_status":"closed","ping_status":"closed","template":"","meta":{"footnotes":""},"class_list":["post-806","page","type-page","status-publish","hentry"],"_links":{"self":[{"href":"https:\/\/sikore.app\/ayuda\/wp-json\/wp\/v2\/pages\/806","targetHints":{"allow":["GET"]}}],"collection":[{"href":"https:\/\/sikore.app\/ayuda\/wp-json\/wp\/v2\/pages"}],"about":[{"href":"https:\/\/sikore.app\/ayuda\/wp-json\/wp\/v2\/types\/page"}],"author":[{"embeddable":true,"href":"https:\/\/sikore.app\/ayuda\/wp-json\/wp\/v2\/users\/1"}],"replies":[{"embeddable":true,"href":"https:\/\/sikore.app\/ayuda\/wp-json\/wp\/v2\/comments?post=806"}],"version-history":[{"count":11,"href":"https:\/\/sikore.app\/ayuda\/wp-json\/wp\/v2\/pages\/806\/revisions"}],"predecessor-version":[{"id":1218,"href":"https:\/\/sikore.app\/ayuda\/wp-json\/wp\/v2\/pages\/806\/revisions\/1218"}],"wp:attachment":[{"href":"https:\/\/sikore.app\/ayuda\/wp-json\/wp\/v2\/media?parent=806"}],"curies":[{"name":"wp","href":"https:\/\/api.w.org\/{rel}","templated":true}]}}